{"id":360,"date":"2015-04-20T15:19:55","date_gmt":"2015-04-20T15:19:55","guid":{"rendered":"http:\/\/produform2.peakweb.it\/azienda-2\/"},"modified":"2020-11-24T15:11:12","modified_gmt":"2020-11-24T14:11:12","slug":"unternehmen","status":"publish","type":"page","link":"https:\/\/produform.it\/de\/unternehmen\/","title":{"rendered":"Unternehmen"},"content":{"rendered":"<p>[vc_row content_layout=&#8220;boxed&#8220; equal_height=&#8220;&#8220; animation_delay=&#8220;&#8220; disable=&#8220;&#8220; id=&#8220;&#8220; class=&#8220;&#8220; bg_type=&#8220;image&#8220; bg_image=&#8220;&#8220; color_overlay=&#8220;&#8220; enable_parallax=&#8220;&#8220; enable_pattern=&#8220;&#8220;][vc_column layout=&#8220;normal&#8220; vertical_align=&#8220;auto&#8220; animation_delay=&#8220;&#8220;][vc_column_text][\/vc_column_text][\/vc_column][\/vc_row][vc_section content_layout=&#8220;full&#8220; animation_delay=&#8220;&#8220; disable=&#8220;&#8220; id=&#8220;&#8220; class=&#8220;&#8220; bg_type=&#8220;image&#8220; bg_image=&#8220;&#8220; color_overlay=&#8220;&#8220; enable_parallax=&#8220;&#8220; enable_pattern=&#8220;&#8220; css=&#8220;.vc_custom_1522415595739{margin-bottom: 20px !important;}&#8220;][vc_row content_layout=&#8220;boxed&#8220; equal_height=&#8220;true&#8220; animation_delay=&#8220;&#8220; disable=&#8220;&#8220; id=&#8220;&#8220; class=&#8220;&#8220; bg_type=&#8220;image&#8220; bg_image=&#8220;&#8220; color_overlay=&#8220;&#8220; enable_parallax=&#8220;&#8220; enable_pattern=&#8220;&#8220;][vc_column layout=&#8220;normal&#8220; vertical_align=&#8220;auto&#8220; animation_delay=&#8220;&#8220; width=&#8220;1\/3&#8243;][vc_single_image image=&#8220;1420&#8243; img_size=&#8220;450&#215;600&#8243; alignment=&#8220;right&#8220; onclick=&#8220;img_link_large&#8220;][\/vc_column][vc_column layout=&#8220;normal&#8220; vertical_align=&#8220;middle&#8220; animation_delay=&#8220;&#8220; width=&#8220;2\/3&#8243; css=&#8220;.vc_custom_1522430211584{padding-left: 85px !important;}&#8220;][vc_column_text]<\/p>\n<h3 class=\"m-t-0 m-b-20\"><strong>Die Mission<\/strong><\/h3>\n<p>Die Anspruch von <strong>Produform<\/strong> ist es, Unternehmen einen qualitativ hochwertigen Produktentwicklungsservice zu bieten.<\/p>\n<p><strong>Produform<\/strong> betrachtet die st\u00e4ndige Forschung und den Einsatz modernster Technologien als ein wesentliches Element f\u00fcr die kontinuierliche Verbesserung der angebotenen Dienstleistungen, um qualitative Exzellenz zu erreichen.<\/p>\n<p>Die Philosophie von <strong>Produform<\/strong> stellt an erste Stelle das Verh\u00e4ltnis Qualit\u00e4t\/Preis, die Vertraulichkeit und die Zufriedenheit der Kundschaft um hochwertige Dienstleistungen im Einklang mit den besten nationalen und europ\u00e4ischen Standards anzubieten.<\/p>\n<p><strong>Produform<\/strong> hat die Zertifizierung nach der Norm UNI EN ISO 9001: 2008 erhalten.[\/vc_column_text][vc_column_text]<\/p>\n<h3>Produktentwicklung Aktivit\u00e4ten<\/h3>\n<p>Seit 1998 ist Produform im Bereich der Entwicklung von Kunststoff- und Metallprodukten aktiv, durch schnelles Prototyping, Realisierung von Kleineserien und Pilotformen.<\/p>\n<p>Wir verwenden die modernsten Technologien die auf dem Markt vorhanden sind, das erlaubt uns die Projekte in jeder Phase zu verfolgen, angefangen von der technischen Zeichnung oder Datei, bis zum fertigen Produkt. Produform bietet konkurrenzf\u00e4hige Preise, maximale Qualit\u00e4t, Verk\u00fcrzung der Time to market und hohe Leistungsf\u00e4higkeit. Jeder Arbeitsschritt ist durch unsere eigenen Ressourcen abgedeckt, unter h\u00f6chstem Respekt f\u00fcr Diskretion und Professionalit\u00e4t.<\/p>\n<h3>Qualit\u00e4t<\/h3>\n<p>Produform hat die Zertifizierung nach der Norm UNI EN ISO 9001: 2015 erhalten und alle Mitarbeiter sind aktiv am Qualit\u00e4tsprozess beteiligt.<\/p>\n<p>Die Zertifizierung nach UNI EN ISO 9001: 2015 ist gleichbedeutend mit der Orientierung auf Produktqualit\u00e4t und Kundenzufriedenheit.[\/vc_column_text][\/vc_column][\/vc_row][\/vc_section][vc_row content_layout=&#8220;boxed&#8220; equal_height=&#8220;&#8220; animation_delay=&#8220;&#8220; disable=&#8220;&#8220; id=&#8220;&#8220; class=&#8220;&#8220; bg_type=&#8220;image&#8220; bg_image=&#8220;&#8220; color_overlay=&#8220;&#8220; enable_parallax=&#8220;&#8220; enable_pattern=&#8220;&#8220;][vc_column layout=&#8220;normal&#8220; vertical_align=&#8220;auto&#8220; animation_delay=&#8220;&#8220;][vc_column_text][\/vc_column_text][\/vc_column][\/vc_row][vc_section content_layout=&#8220;full&#8220; animation_delay=&#8220;&#8220; disable=&#8220;&#8220; id=&#8220;&#8220; class=&#8220;&#8220; bg_type=&#8220;image&#8220; bg_image=&#8220;&#8220; color_overlay=&#8220;&#8220; enable_parallax=&#8220;&#8220; enable_pattern=&#8220;&#8220; css=&#8220;.vc_custom_1522416745398{padding-top: 50px !important;padding-bottom: 50px !important;background-color: #f9f9f9 !important;}&#8220;][vc_row content_layout=&#8220;boxed&#8220; equal_height=&#8220;true&#8220; animation_delay=&#8220;&#8220; disable=&#8220;&#8220; id=&#8220;&#8220; class=&#8220;&#8220; bg_type=&#8220;image&#8220; bg_image=&#8220;&#8220; color_overlay=&#8220;&#8220; enable_parallax=&#8220;&#8220; enable_pattern=&#8220;&#8220;][vc_column layout=&#8220;normal&#8220; vertical_align=&#8220;middle&#8220; animation_delay=&#8220;&#8220; width=&#8220;2\/3&#8243; css=&#8220;.vc_custom_1522430223010{padding-right: 85px !important;}&#8220;]\t\t<div class=\"vu_timeline vu_t-position-left\">\r\n\t\t\t<div class=\"vu_t-date\">1998<\/div>\r\n\r\n\t\t\t<div class=\"vu_t-container\">\r\n\t\t\t\t<div class=\"vu_t-content\">\r\n\t\t\t\t\t\r\n\t\t\t\t\t\t\t\t\t\t\t<div class=\"vu_t-description\">\r\n\t\t\t\t\t\t\t<p>Firmengr\u00fcndung, Einf\u00fchrung von 3D-Druck<\/p>\n\t\t\t\t\t\t<\/div>\r\n\t\t\t\t\t\t\t\t\t<\/div>\r\n\t\t\t<\/div>\r\n\t\t<\/div>\r\n\t\t\t<div class=\"vu_timeline vu_t-position-left\">\r\n\t\t\t<div class=\"vu_t-date\">2003<\/div>\r\n\r\n\t\t\t<div class=\"vu_t-container\">\r\n\t\t\t\t<div class=\"vu_t-content\">\r\n\t\t\t\t\t\r\n\t\t\t\t\t\t\t\t\t\t\t<div class=\"vu_t-description\">\r\n\t\t\t\t\t\t\t<p>Einf\u00fchrung Rapid Tooling Produtool<\/p>\n\t\t\t\t\t\t<\/div>\r\n\t\t\t\t\t\t\t\t\t<\/div>\r\n\t\t\t<\/div>\r\n\t\t<\/div>\r\n\t\t\t<div class=\"vu_timeline vu_t-position-left\">\r\n\t\t\t<div class=\"vu_t-date\">2008<\/div>\r\n\r\n\t\t\t<div class=\"vu_t-container\">\r\n\t\t\t\t<div class=\"vu_t-content\">\r\n\t\t\t\t\t\r\n\t\t\t\t\t\t\t\t\t\t\t<div class=\"vu_t-description\">\r\n\t\t\t\t\t\t\t<p>Kleinserien-Formen<\/p>\n\t\t\t\t\t\t<\/div>\r\n\t\t\t\t\t\t\t\t\t<\/div>\r\n\t\t\t<\/div>\r\n\t\t<\/div>\r\n\t\t\t<div class=\"vu_timeline vu_t-position-left\">\r\n\t\t\t<div class=\"vu_t-date\">2016<\/div>\r\n\r\n\t\t\t<div class=\"vu_t-container\">\r\n\t\t\t\t<div class=\"vu_t-content\">\r\n\t\t\t\t\t\r\n\t\t\t\t\t\t\t\t\t\t\t<div class=\"vu_t-description\">\r\n\t\t\t\t\t\t\t<p>Einf\u00fchrung drehen<\/p>\n\t\t\t\t\t\t<\/div>\r\n\t\t\t\t\t\t\t\t\t<\/div>\r\n\t\t\t<\/div>\r\n\t\t<\/div>\r\n\t\t\t<div class=\"vu_timeline vu_t-position-left\">\r\n\t\t\t<div class=\"vu_t-date\">2017<\/div>\r\n\r\n\t\t\t<div class=\"vu_t-container\">\r\n\t\t\t\t<div class=\"vu_t-content\">\r\n\t\t\t\t\t\r\n\t\t\t\t\t\t\t\t\t\t\t<div class=\"vu_t-description\">\r\n\t\t\t\t\t\t\t<p>Einf\u00fchrung des 3D-Drucks aus Metall Produformal<\/p>\n\t\t\t\t\t\t<\/div>\r\n\t\t\t\t\t\t\t\t\t<\/div>\r\n\t\t\t<\/div>\r\n\t\t<\/div>\r\n\t[\/vc_column][vc_column layout=&#8220;normal&#8220; vertical_align=&#8220;middle&#8220; animation_delay=&#8220;&#8220; width=&#8220;1\/3&#8243;]\t\t<div class=\"vu_video-section vu_lazy-load m-b-0\" data-img=\"\">\r\n\t\t\t<div class=\"vu_vs-inner p-b-0\" style=\"height:533px\">\r\n\t\t\t\t<a href=\"https:\/\/vimeo.com\/82491412\" class=\"vu_vs-play vu_lightbox\" data-type=\"iframe\"><i class=\"fa fa-play\"><\/i><\/a>\r\n\r\n\t\t\t\t\r\n\t\t\t\t\t\t\t<\/div>\r\n\t\t<\/div>\r\n\t[\/vc_column][\/vc_row][\/vc_section][vc_section content_layout=&#8220;full&#8220; animation_delay=&#8220;&#8220; disable=&#8220;&#8220; id=&#8220;&#8220; class=&#8220;&#8220; bg_type=&#8220;image&#8220; bg_image=&#8220;&#8220; color_overlay=&#8220;&#8220; enable_parallax=&#8220;&#8220; enable_pattern=&#8220;&#8220;][vc_row content_layout=&#8220;full&#8220; equal_height=&#8220;&#8220; animation_delay=&#8220;&#8220; disable=&#8220;&#8220; id=&#8220;&#8220; class=&#8220;&#8220; bg_type=&#8220;image&#8220; bg_image=&#8220;&#8220; color_overlay=&#8220;&#8220; enable_parallax=&#8220;&#8220; enable_pattern=&#8220;&#8220; css=&#8220;.vc_custom_1523635595036{padding-top: 15px !important;padding-bottom: 15px !important;background-color: #303745 !important;}&#8220;][vc_column layout=&#8220;normal&#8220; vertical_align=&#8220;auto&#8220; animation_delay=&#8220;&#8220;]\t\t<div class=\"vu_call-to-action\">\r\n\t\t\t<div class=\"container\">\r\n\t\t\t\t<div class=\"row\">\r\n\t\t\t\t\t<div class=\"vu_cta-wrapper\">\r\n\t\t\t\t\t\t<div class=\"vu_cta-content col-md-9\">\r\n\t\t\t\t\t\t\t<p class=\"m-t-0 m-b-0\"><span style=\"color: #ffffff; font-size: 22px; line-height: 30px; font-weight: 500;\">Wir haben die F\u00e4higkeiten und die Leidenschaft, Ihr Projekt in vollen Z\u00fcgen auszuf\u00fchren!<\/span><\/p>\n<p>&nbsp;<\/p>\n\t\t\t\t\t\t<\/div>\r\n\t\t\t\t\t\t\t\t\t\t\t\t\t<div class=\"vu_cta-button col-md-3\">\r\n\t\t\t\t\t\t\t\t\t\t\t\t\t\t\t\t<a href=\"http:\/\/www.produform.it\/servizi\/\" title=\"\" target=\"_self\" class=\"vu_button vu_b-size-normal vu_b-shape-square vu_b-normal-color-primary vu_b-hover-color-white\"><span>unsere Aktivit\u00e4ten<\/span><\/a>\r\n\t\t\t\t\t\t\t<\/div>\r\n\t\t\t\t\t\t\t\t\t\t\t<\/div>\r\n\t\t\t\t<\/div>\r\n\t\t\t<\/div>\r\n\t\t<\/div>\r\n\t[\/vc_column][\/vc_row][\/vc_section]<\/p>\n","protected":false},"excerpt":{"rendered":"<p>[vc_row content_layout=&#8220;boxed&#8220; equal_height=&#8220;&#8220; animation_delay=&#8220;&#8220; disable=&#8220;&#8220; id=&#8220;&#8220; class=&#8220;&#8220; bg_type=&#8220;image&#8220; bg_image=&#8220;&#8220; color_overlay=&#8220;&#8220; enable_parallax=&#8220;&#8220; enable_pattern=&#8220;&#8220;][vc_column layout=&#8220;normal&#8220; vertical_align=&#8220;auto&#8220; animation_delay=&#8220;&#8220;][vc_column_text][\/vc_column_text][\/vc_column][\/vc_row][vc_section content_layout=&#8220;full&#8220; animation_delay=&#8220;&#8220; disable=&#8220;&#8220; id=&#8220;&#8220; class=&#8220;&#8220; bg_type=&#8220;image&#8220; bg_image=&#8220;&#8220; color_overlay=&#8220;&#8220; enable_parallax=&#8220;&#8220; enable_pattern=&#8220;&#8220; css=&#8220;.vc_custom_1522415595739{margin-bottom: 20px !important;}&#8220;][vc_row content_layout=&#8220;boxed&#8220; equal_height=&#8220;true&#8220; animation_delay=&#8220;&#8220; disable=&#8220;&#8220; id=&#8220;&#8220; class=&#8220;&#8220; bg_type=&#8220;image&#8220; bg_image=&#8220;&#8220; color_overlay=&#8220;&#8220; enable_parallax=&#8220;&#8220; enable_pattern=&#8220;&#8220;][vc_column layout=&#8220;normal&#8220; vertical_align=&#8220;auto&#8220; animation_delay=&#8220;&#8220; width=&#8220;1\/3&#8243;][vc_single_image image=&#8220;1420&#8243; img_size=&#8220;450&#215;600&#8243; alignment=&#8220;right&#8220; onclick=&#8220;img_link_large&#8220;][\/vc_column][vc_column layout=&#8220;normal&#8220; vertical_align=&#8220;middle&#8220; animation_delay=&#8220;&#8220; width=&#8220;2\/3&#8243; css=&#8220;.vc_custom_1522430211584{padding-left: 85px !important;}&#8220;][vc_column_text] Die [&hellip;]<\/p>\n","protected":false},"author":1,"featured_media":0,"parent":0,"menu_order":0,"comment_status":"closed","ping_status":"closed","template":"","meta":{"footnotes":""},"categories":[],"tags":[],"class_list":["post-360","page","type-page","status-publish","hentry"],"yoast_head":"<!-- This site is optimized with the Yoast SEO plugin v27.4 - https:\/\/yoast.com\/product\/yoast-seo-wordpress\/ -->\n<title>Unternehmen | Produform<\/title>\n<meta name=\"robots\" content=\"index, follow, max-snippet:-1, max-image-preview:large, max-video-preview:-1\" \/>\n<link rel=\"canonical\" href=\"https:\/\/produform.it\/de\/unternehmen\/\" \/>\n<meta property=\"og:locale\" content=\"de_DE\" \/>\n<meta property=\"og:type\" content=\"article\" \/>\n<meta property=\"og:title\" content=\"Unternehmen | Produform\" \/>\n<meta property=\"og:description\" content=\"[vc_row content_layout=&#8220;boxed&#8220; equal_height=&#8220;&#8220; animation_delay=&#8220;&#8220; disable=&#8220;&#8220; id=&#8220;&#8220; class=&#8220;&#8220; bg_type=&#8220;image&#8220; bg_image=&#8220;&#8220; color_overlay=&#8220;&#8220; enable_parallax=&#8220;&#8220; enable_pattern=&#8220;&#8220;][vc_column layout=&#8220;normal&#8220; vertical_align=&#8220;auto&#8220; animation_delay=&#8220;&#8220;][vc_column_text][\/vc_column_text][\/vc_column][\/vc_row][vc_section content_layout=&#8220;full&#8220; animation_delay=&#8220;&#8220; disable=&#8220;&#8220; id=&#8220;&#8220; class=&#8220;&#8220; bg_type=&#8220;image&#8220; bg_image=&#8220;&#8220; color_overlay=&#8220;&#8220; enable_parallax=&#8220;&#8220; enable_pattern=&#8220;&#8220; css=&#8220;.vc_custom_1522415595739{margin-bottom: 20px !important;}&#8220;][vc_row content_layout=&#8220;boxed&#8220; equal_height=&#8220;true&#8220; animation_delay=&#8220;&#8220; disable=&#8220;&#8220; id=&#8220;&#8220; class=&#8220;&#8220; bg_type=&#8220;image&#8220; bg_image=&#8220;&#8220; color_overlay=&#8220;&#8220; enable_parallax=&#8220;&#8220; enable_pattern=&#8220;&#8220;][vc_column layout=&#8220;normal&#8220; vertical_align=&#8220;auto&#8220; animation_delay=&#8220;&#8220; width=&#8220;1\/3&#8243;][vc_single_image image=&#8220;1420&#8243; img_size=&#8220;450&#215;600&#8243; alignment=&#8220;right&#8220; onclick=&#8220;img_link_large&#8220;][\/vc_column][vc_column layout=&#8220;normal&#8220; vertical_align=&#8220;middle&#8220; animation_delay=&#8220;&#8220; width=&#8220;2\/3&#8243; css=&#8220;.vc_custom_1522430211584{padding-left: 85px !important;}&#8220;][vc_column_text] Die [&hellip;]\" \/>\n<meta property=\"og:url\" content=\"https:\/\/produform.it\/de\/unternehmen\/\" \/>\n<meta property=\"og:site_name\" content=\"Produform\" \/>\n<meta property=\"article:publisher\" content=\"https:\/\/it-it.facebook.com\/Produform.Italia\" \/>\n<meta property=\"article:modified_time\" content=\"2020-11-24T14:11:12+00:00\" \/>\n<meta property=\"og:image\" content=\"https:\/\/produform.it\/wp-content\/uploads\/2015\/04\/brochure-produform.jpg\" \/>\n\t<meta property=\"og:image:width\" content=\"275\" \/>\n\t<meta property=\"og:image:height\" content=\"275\" \/>\n\t<meta property=\"og:image:type\" content=\"image\/jpeg\" \/>\n<meta name=\"twitter:card\" content=\"summary_large_image\" \/>\n<meta name=\"twitter:label1\" content=\"Gesch\u00e4tzte Lesezeit\" \/>\n\t<meta name=\"twitter:data1\" content=\"4\u00a0Minuten\" \/>\n<script type=\"application\/ld+json\" class=\"yoast-schema-graph\">{\"@context\":\"https:\\\/\\\/schema.org\",\"@graph\":[{\"@type\":\"WebPage\",\"@id\":\"https:\\\/\\\/produform.it\\\/de\\\/unternehmen\\\/\",\"url\":\"https:\\\/\\\/produform.it\\\/de\\\/unternehmen\\\/\",\"name\":\"Unternehmen | Produform\",\"isPartOf\":{\"@id\":\"https:\\\/\\\/produform.it\\\/de\\\/#website\"},\"datePublished\":\"2015-04-20T15:19:55+00:00\",\"dateModified\":\"2020-11-24T14:11:12+00:00\",\"breadcrumb\":{\"@id\":\"https:\\\/\\\/produform.it\\\/de\\\/unternehmen\\\/#breadcrumb\"},\"inLanguage\":\"de\",\"potentialAction\":[{\"@type\":\"ReadAction\",\"target\":[\"https:\\\/\\\/produform.it\\\/de\\\/unternehmen\\\/\"]}]},{\"@type\":\"BreadcrumbList\",\"@id\":\"https:\\\/\\\/produform.it\\\/de\\\/unternehmen\\\/#breadcrumb\",\"itemListElement\":[{\"@type\":\"ListItem\",\"position\":1,\"name\":\"Home\",\"item\":\"https:\\\/\\\/produform.it\\\/de\\\/\"},{\"@type\":\"ListItem\",\"position\":2,\"name\":\"Unternehmen\"}]},{\"@type\":\"WebSite\",\"@id\":\"https:\\\/\\\/produform.it\\\/de\\\/#website\",\"url\":\"https:\\\/\\\/produform.it\\\/de\\\/\",\"name\":\"Produform\",\"description\":\"Product development\",\"potentialAction\":[{\"@type\":\"SearchAction\",\"target\":{\"@type\":\"EntryPoint\",\"urlTemplate\":\"https:\\\/\\\/produform.it\\\/de\\\/?s={search_term_string}\"},\"query-input\":{\"@type\":\"PropertyValueSpecification\",\"valueRequired\":true,\"valueName\":\"search_term_string\"}}],\"inLanguage\":\"de\"}]}<\/script>\n<!-- \/ Yoast SEO plugin. -->","yoast_head_json":{"title":"Unternehmen | Produform","robots":{"index":"index","follow":"follow","max-snippet":"max-snippet:-1","max-image-preview":"max-image-preview:large","max-video-preview":"max-video-preview:-1"},"canonical":"https:\/\/produform.it\/de\/unternehmen\/","og_locale":"de_DE","og_type":"article","og_title":"Unternehmen | Produform","og_description":"[vc_row content_layout=&#8220;boxed&#8220; equal_height=&#8220;&#8220; animation_delay=&#8220;&#8220; disable=&#8220;&#8220; id=&#8220;&#8220; class=&#8220;&#8220; bg_type=&#8220;image&#8220; bg_image=&#8220;&#8220; color_overlay=&#8220;&#8220; enable_parallax=&#8220;&#8220; enable_pattern=&#8220;&#8220;][vc_column layout=&#8220;normal&#8220; vertical_align=&#8220;auto&#8220; animation_delay=&#8220;&#8220;][vc_column_text][\/vc_column_text][\/vc_column][\/vc_row][vc_section content_layout=&#8220;full&#8220; animation_delay=&#8220;&#8220; disable=&#8220;&#8220; id=&#8220;&#8220; class=&#8220;&#8220; bg_type=&#8220;image&#8220; bg_image=&#8220;&#8220; color_overlay=&#8220;&#8220; enable_parallax=&#8220;&#8220; enable_pattern=&#8220;&#8220; css=&#8220;.vc_custom_1522415595739{margin-bottom: 20px !important;}&#8220;][vc_row content_layout=&#8220;boxed&#8220; equal_height=&#8220;true&#8220; animation_delay=&#8220;&#8220; disable=&#8220;&#8220; id=&#8220;&#8220; class=&#8220;&#8220; bg_type=&#8220;image&#8220; bg_image=&#8220;&#8220; color_overlay=&#8220;&#8220; enable_parallax=&#8220;&#8220; enable_pattern=&#8220;&#8220;][vc_column layout=&#8220;normal&#8220; vertical_align=&#8220;auto&#8220; animation_delay=&#8220;&#8220; width=&#8220;1\/3&#8243;][vc_single_image image=&#8220;1420&#8243; img_size=&#8220;450&#215;600&#8243; alignment=&#8220;right&#8220; onclick=&#8220;img_link_large&#8220;][\/vc_column][vc_column layout=&#8220;normal&#8220; vertical_align=&#8220;middle&#8220; animation_delay=&#8220;&#8220; width=&#8220;2\/3&#8243; css=&#8220;.vc_custom_1522430211584{padding-left: 85px !important;}&#8220;][vc_column_text] Die [&hellip;]","og_url":"https:\/\/produform.it\/de\/unternehmen\/","og_site_name":"Produform","article_publisher":"https:\/\/it-it.facebook.com\/Produform.Italia","article_modified_time":"2020-11-24T14:11:12+00:00","og_image":[{"width":275,"height":275,"url":"https:\/\/produform.it\/wp-content\/uploads\/2015\/04\/brochure-produform.jpg","type":"image\/jpeg"}],"twitter_card":"summary_large_image","twitter_misc":{"Gesch\u00e4tzte Lesezeit":"4\u00a0Minuten"},"schema":{"@context":"https:\/\/schema.org","@graph":[{"@type":"WebPage","@id":"https:\/\/produform.it\/de\/unternehmen\/","url":"https:\/\/produform.it\/de\/unternehmen\/","name":"Unternehmen | Produform","isPartOf":{"@id":"https:\/\/produform.it\/de\/#website"},"datePublished":"2015-04-20T15:19:55+00:00","dateModified":"2020-11-24T14:11:12+00:00","breadcrumb":{"@id":"https:\/\/produform.it\/de\/unternehmen\/#breadcrumb"},"inLanguage":"de","potentialAction":[{"@type":"ReadAction","target":["https:\/\/produform.it\/de\/unternehmen\/"]}]},{"@type":"BreadcrumbList","@id":"https:\/\/produform.it\/de\/unternehmen\/#breadcrumb","itemListElement":[{"@type":"ListItem","position":1,"name":"Home","item":"https:\/\/produform.it\/de\/"},{"@type":"ListItem","position":2,"name":"Unternehmen"}]},{"@type":"WebSite","@id":"https:\/\/produform.it\/de\/#website","url":"https:\/\/produform.it\/de\/","name":"Produform","description":"Product development","potentialAction":[{"@type":"SearchAction","target":{"@type":"EntryPoint","urlTemplate":"https:\/\/produform.it\/de\/?s={search_term_string}"},"query-input":{"@type":"PropertyValueSpecification","valueRequired":true,"valueName":"search_term_string"}}],"inLanguage":"de"}]}},"_links":{"self":[{"href":"https:\/\/produform.it\/de\/wp-json\/wp\/v2\/pages\/360","targetHints":{"allow":["GET"]}}],"collection":[{"href":"https:\/\/produform.it\/de\/wp-json\/wp\/v2\/pages"}],"about":[{"href":"https:\/\/produform.it\/de\/wp-json\/wp\/v2\/types\/page"}],"author":[{"embeddable":true,"href":"https:\/\/produform.it\/de\/wp-json\/wp\/v2\/users\/1"}],"replies":[{"embeddable":true,"href":"https:\/\/produform.it\/de\/wp-json\/wp\/v2\/comments?post=360"}],"version-history":[{"count":12,"href":"https:\/\/produform.it\/de\/wp-json\/wp\/v2\/pages\/360\/revisions"}],"predecessor-version":[{"id":2343,"href":"https:\/\/produform.it\/de\/wp-json\/wp\/v2\/pages\/360\/revisions\/2343"}],"wp:attachment":[{"href":"https:\/\/produform.it\/de\/wp-json\/wp\/v2\/media?parent=360"}],"wp:term":[{"taxonomy":"category","embeddable":true,"href":"https:\/\/produform.it\/de\/wp-json\/wp\/v2\/categories?post=360"},{"taxonomy":"post_tag","embeddable":true,"href":"https:\/\/produform.it\/de\/wp-json\/wp\/v2\/tags?post=360"}],"curies":[{"name":"wp","href":"https:\/\/api.w.org\/{rel}","templated":true}]}}