{"id":1254,"date":"2018-10-15T16:38:47","date_gmt":"2018-10-15T14:38:47","guid":{"rendered":"http:\/\/www.produform.it\/aktivitat-2\/3d-druck\/"},"modified":"2018-10-29T00:02:30","modified_gmt":"2018-10-28T22:02:30","slug":"3d-druck","status":"publish","type":"page","link":"https:\/\/produform.it\/de\/aktivitat-2\/3d-druck\/","title":{"rendered":"3D-Druck"},"content":{"rendered":"<p>[vc_row content_layout=&#8220;boxed&#8220; equal_height=&#8220;&#8220; animation_delay=&#8220;&#8220; disable=&#8220;&#8220; id=&#8220;&#8220; class=&#8220;&#8220; bg_type=&#8220;image&#8220; bg_image=&#8220;&#8220; color_overlay=&#8220;&#8220; enable_parallax=&#8220;&#8220; enable_pattern=&#8220;&#8220;][vc_column layout=&#8220;normal&#8220; vertical_align=&#8220;auto&#8220; animation_delay=&#8220;&#8220;][vc_column_text][\/vc_column_text][\/vc_column][\/vc_row][vc_section content_layout=&#8220;full&#8220; animation_delay=&#8220;&#8220; disable=&#8220;&#8220; id=&#8220;&#8220; class=&#8220;&#8220; bg_type=&#8220;image&#8220; bg_image=&#8220;&#8220; color_overlay=&#8220;&#8220; enable_parallax=&#8220;&#8220; enable_pattern=&#8220;&#8220;][vc_row content_layout=&#8220;boxed&#8220; equal_height=&#8220;&#8220; animation_delay=&#8220;&#8220; disable=&#8220;&#8220; id=&#8220;&#8220; class=&#8220;vu_service-image&#8220; bg_type=&#8220;image&#8220; bg_image=&#8220;&#8220; color_overlay=&#8220;&#8220; enable_parallax=&#8220;&#8220; enable_pattern=&#8220;&#8220;][vc_column layout=&#8220;normal&#8220; vertical_align=&#8220;auto&#8220; animation_delay=&#8220;&#8220; width=&#8220;1\/2&#8243;][vc_column_text]Seit unserer Geburt 1998, unter den ersten, die an AM glauben (Additive Manufacturing),<br \/>\nWir verwenden die innovativsten Drucker, um Prototypen direkt aus dem CAD zu erstellen, so dass Sie die Tests f\u00fcr die Abnahme des Produkts anzeigen und starten k\u00f6nnen, insbesondere in dieser Phase des Designs, der Montage und der Pr\u00e4sentation f\u00fcr den Kunden.<\/p>\n<p>Wir haben SLA Stereolithographie-Maschinen, SLS Sintern, Inkjet- und FDM-Gewinde zur Erf\u00fcllung jeglicher dimensionaler und qualitativer Anforderungen bei der Herstellung von Epoxidharz-Prototypen, Polyamid, Acrylharz oder ABS.<\/p>\n<p>In wenigen Tagen ist es m\u00f6glich, ein Artefakt zu testen, es ohne zus\u00e4tzliche Kosten in der kompletten Time to Compression Technology zu modifizieren, um die Produktion in k\u00fcrzester Zeit zu starten.<\/p>\n<p>Wir verwenden auch Prototypen als Meistermodelle f\u00fcr die Herstellung von Silikonformen.[\/vc_column_text][\/vc_column][vc_column layout=&#8220;normal&#8220; vertical_align=&#8220;auto&#8220; animation_delay=&#8220;&#8220; width=&#8220;1\/2&#8243;]\t\t<div class=\"vu_image-slider vu_is-navigation-hover vu_is-pagination-always vu_is-without-captions vu_carousel vu_lightbox vu_l-gallery\" data-options=\"{&quot;singleItem&quot;:true,&quot;autoHeight&quot;:true,&quot;items&quot;:1,&quot;autoPlay&quot;:3000,&quot;stopOnHover&quot;:true,&quot;navigation&quot;:true,&quot;navigationText&quot;:[&quot;&lt;i class=\\&quot;vu_fp-keyboard_arrow_left\\&quot;&gt;&lt;\\\/i&gt;&quot;,&quot;&lt;i class=\\&quot;vu_fp-keyboard_arrow_right\\&quot;&gt;&lt;\\\/i&gt;&quot;],&quot;rewindNav&quot;:true,&quot;scrollPerPage&quot;:true,&quot;pagination&quot;:true,&quot;paginationNumbers&quot;:false}\" data-delegate=\"a.vu_is-lightbox\" data-ratio=\"4:3\">\r\n\t\t\t<div class=\"vu_is-item\"><a href=\"https:\/\/produform.it\/wp-content\/uploads\/2015\/04\/stampa-3d-3.jpg\"  class=\"vu_is-lightbox\"><figure class=\"vu_is-i-figure vu_lazy-load\" data-img=\"https:\/\/produform.it\/wp-content\/uploads\/2015\/04\/stampa-3d-3.jpg\"><img loading=\"lazy\" decoding=\"async\" width=\"800\" height=\"534\" src=\"https:\/\/produform.it\/wp-content\/uploads\/2015\/04\/stampa-3d-3.jpg\" class=\"attachment-housico_ratio-4:3 size-housico_ratio-4:3\" alt=\"\" srcset=\"https:\/\/produform.it\/wp-content\/uploads\/2015\/04\/stampa-3d-3.jpg 1000w, https:\/\/produform.it\/wp-content\/uploads\/2015\/04\/stampa-3d-3-600x400.jpg 600w, https:\/\/produform.it\/wp-content\/uploads\/2015\/04\/stampa-3d-3-300x200.jpg 300w\" sizes=\"auto, (max-width: 800px) 100vw, 800px\" \/><\/figure><\/a><\/div><div class=\"vu_is-item\"><a href=\"https:\/\/produform.it\/wp-content\/uploads\/2015\/04\/stampa-3d-2.jpg\"  class=\"vu_is-lightbox\"><figure class=\"vu_is-i-figure vu_lazy-load\" data-img=\"https:\/\/produform.it\/wp-content\/uploads\/2015\/04\/stampa-3d-2.jpg\"><img loading=\"lazy\" decoding=\"async\" width=\"800\" height=\"534\" src=\"https:\/\/produform.it\/wp-content\/uploads\/2015\/04\/stampa-3d-2.jpg\" class=\"attachment-housico_ratio-4:3 size-housico_ratio-4:3\" alt=\"\" srcset=\"https:\/\/produform.it\/wp-content\/uploads\/2015\/04\/stampa-3d-2.jpg 1000w, https:\/\/produform.it\/wp-content\/uploads\/2015\/04\/stampa-3d-2-600x400.jpg 600w, https:\/\/produform.it\/wp-content\/uploads\/2015\/04\/stampa-3d-2-300x200.jpg 300w\" sizes=\"auto, (max-width: 800px) 100vw, 800px\" \/><\/figure><\/a><\/div>\t\t<\/div>\r\n\t[\/vc_column][\/vc_row][\/vc_section][vc_section content_layout=&#8220;full&#8220; animation_delay=&#8220;&#8220; disable=&#8220;&#8220; id=&#8220;&#8220; class=&#8220;hidden&#8220; bg_type=&#8220;image&#8220; bg_image=&#8220;&#8220; color_overlay=&#8220;&#8220; enable_parallax=&#8220;&#8220; enable_pattern=&#8220;&#8220;][vc_row content_layout=&#8220;boxed&#8220; equal_height=&#8220;&#8220; animation_delay=&#8220;&#8220; disable=&#8220;&#8220; id=&#8220;&#8220; class=&#8220;&#8220; bg_type=&#8220;image&#8220; bg_image=&#8220;&#8220; color_overlay=&#8220;&#8220; enable_parallax=&#8220;&#8220; enable_pattern=&#8220;&#8220;][vc_column layout=&#8220;normal&#8220; vertical_align=&#8220;auto&#8220; animation_delay=&#8220;&#8220; width=&#8220;1\/2&#8243;][vc_column_text css=&#8220;.vc_custom_1523015591185{padding-top: 30px !important;padding-right: 30px !important;padding-bottom: 30px !important;padding-left: 30px !important;background-color: #f3f3f3 !important;}&#8220;]<\/p>\n<ul class=\"vu_list-with-icon\" data-font=\"FontAwesome\" data-icon=\"\uf00c\" data-color=\"primary\">\n<li>30-50% savings in energy costs every day, year after year<\/li>\n<li>Better interior air quality due to the elimination of materials containing volatile solvents<\/li>\n<li>Reduced healthcare costs, absenteeism, and higher productivity of employees due to better air quality and ventilation<\/li>\n<\/ul>\n<p>[\/vc_column_text][\/vc_column][vc_column layout=&#8220;normal&#8220; vertical_align=&#8220;auto&#8220; animation_delay=&#8220;&#8220; width=&#8220;1\/2&#8243;][vc_column_text css=&#8220;.vc_custom_1523015655169{padding-top: 30px !important;padding-right: 30px !important;padding-bottom: 30px !important;padding-left: 30px !important;background-color: #f3f3f3 !important;}&#8220;]<\/p>\n<ul class=\"vu_list-with-icon\" data-font=\"FontAwesome\" data-icon=\"\uf00c\" data-color=\"primary\">\n<li>Maximum use of natural daylight with reduced number and size of lighting fixtures needed<\/li>\n<li>Ease of renting and selling, and when sold, command a premium over conventional construction<\/li>\n<li>Encouragement of further sustainable development within the community<\/li>\n<\/ul>\n<p>[\/vc_column_text][\/vc_column][\/vc_row][\/vc_section][vc_section content_layout=&#8220;full&#8220; animation_delay=&#8220;&#8220; disable=&#8220;&#8220; id=&#8220;&#8220; class=&#8220;p-t-0 p-b-0&#8243; bg_type=&#8220;image&#8220; bg_image=&#8220;147&#8243; color_overlay=&#8220;&#8220; enable_parallax=&#8220;&#8220; enable_pattern=&#8220;&#8220; css=&#8220;.vc_custom_1518612464301{margin-bottom: 70px !important;}&#8220;][vc_row content_layout=&#8220;boxed&#8220; equal_height=&#8220;&#8220; animation_delay=&#8220;&#8220; disable=&#8220;&#8220; id=&#8220;&#8220; class=&#8220;&#8220; bg_type=&#8220;image&#8220; bg_image=&#8220;&#8220; color_overlay=&#8220;&#8220; enable_parallax=&#8220;&#8220; enable_pattern=&#8220;&#8220;][vc_column layout=&#8220;normal&#8220; vertical_align=&#8220;top&#8220; animation_delay=&#8220;&#8220;]\t\t<div class=\"vu_call-to-action\" style=\"background-color:#303745;\">\r\n\t\t\t<div class=\"container\">\r\n\t\t\t\t<div class=\"row\">\r\n\t\t\t\t\t<div class=\"vu_cta-wrapper\">\r\n\t\t\t\t\t\t<div class=\"vu_cta-content col-md-9\">\r\n\t\t\t\t\t\t\t<h3 class=\"m-t-0 m-b-0\" style=\"font-size: 20px; line-height: 28px;\"><span style=\"color: #ffffff;\">Necessiti di pi\u00f9 informazioni o di un preventivo?<\/span><\/h3>\n\t\t\t\t\t\t<\/div>\r\n\t\t\t\t\t\t\t\t\t\t\t\t\t<div class=\"vu_cta-button col-md-3\">\r\n\t\t\t\t\t\t\t\t\t\t\t\t\t\t\t\t<a href=\"http:\/\/www.produform.it\/contatti\/\" title=\"\" target=\"_self\" class=\"vu_button vu_b-size-normal vu_b-shape-square vu_b-normal-color-primary vu_b-hover-color-white\"><span>Contattaci<\/span><\/a>\r\n\t\t\t\t\t\t\t<\/div>\r\n\t\t\t\t\t\t\t\t\t\t\t<\/div>\r\n\t\t\t\t<\/div>\r\n\t\t\t<\/div>\r\n\t\t<\/div>\r\n\t[\/vc_column][\/vc_row][\/vc_section]<\/p>\n","protected":false},"excerpt":{"rendered":"<p>[vc_row content_layout=&#8220;boxed&#8220; equal_height=&#8220;&#8220; animation_delay=&#8220;&#8220; disable=&#8220;&#8220; id=&#8220;&#8220; class=&#8220;&#8220; bg_type=&#8220;image&#8220; bg_image=&#8220;&#8220; color_overlay=&#8220;&#8220; enable_parallax=&#8220;&#8220; enable_pattern=&#8220;&#8220;][vc_column layout=&#8220;normal&#8220; vertical_align=&#8220;auto&#8220; animation_delay=&#8220;&#8220;][vc_column_text][\/vc_column_text][\/vc_column][\/vc_row][vc_section content_layout=&#8220;full&#8220; animation_delay=&#8220;&#8220; disable=&#8220;&#8220; id=&#8220;&#8220; class=&#8220;&#8220; bg_type=&#8220;image&#8220; bg_image=&#8220;&#8220; color_overlay=&#8220;&#8220; enable_parallax=&#8220;&#8220; enable_pattern=&#8220;&#8220;][vc_row content_layout=&#8220;boxed&#8220; equal_height=&#8220;&#8220; animation_delay=&#8220;&#8220; disable=&#8220;&#8220; id=&#8220;&#8220; class=&#8220;vu_service-image&#8220; bg_type=&#8220;image&#8220; bg_image=&#8220;&#8220; color_overlay=&#8220;&#8220; enable_parallax=&#8220;&#8220; enable_pattern=&#8220;&#8220;][vc_column layout=&#8220;normal&#8220; vertical_align=&#8220;auto&#8220; animation_delay=&#8220;&#8220; width=&#8220;1\/2&#8243;][vc_column_text]Seit unserer Geburt 1998, unter den ersten, die an AM glauben (Additive Manufacturing), Wir verwenden die [&hellip;]<\/p>\n","protected":false},"author":1,"featured_media":1219,"parent":1241,"menu_order":0,"comment_status":"closed","ping_status":"closed","template":"","meta":{"footnotes":""},"categories":[35],"tags":[],"class_list":["post-1254","page","type-page","status-publish","has-post-thumbnail","hentry","category-servizi-de"],"yoast_head":"<!-- This site is optimized with the Yoast SEO plugin v27.3 - https:\/\/yoast.com\/product\/yoast-seo-wordpress\/ -->\n<title>3D-Druck | Produform<\/title>\n<meta name=\"robots\" content=\"index, follow, max-snippet:-1, max-image-preview:large, max-video-preview:-1\" \/>\n<link rel=\"canonical\" href=\"https:\/\/produform.it\/de\/aktivitat-2\/3d-druck\/\" \/>\n<meta property=\"og:locale\" content=\"de_DE\" \/>\n<meta property=\"og:type\" content=\"article\" \/>\n<meta property=\"og:title\" content=\"3D-Druck | Produform\" \/>\n<meta property=\"og:description\" content=\"[vc_row content_layout=&#8220;boxed&#8220; equal_height=&#8220;&#8220; animation_delay=&#8220;&#8220; disable=&#8220;&#8220; id=&#8220;&#8220; class=&#8220;&#8220; bg_type=&#8220;image&#8220; bg_image=&#8220;&#8220; color_overlay=&#8220;&#8220; enable_parallax=&#8220;&#8220; enable_pattern=&#8220;&#8220;][vc_column layout=&#8220;normal&#8220; vertical_align=&#8220;auto&#8220; animation_delay=&#8220;&#8220;][vc_column_text][\/vc_column_text][\/vc_column][\/vc_row][vc_section content_layout=&#8220;full&#8220; animation_delay=&#8220;&#8220; disable=&#8220;&#8220; id=&#8220;&#8220; class=&#8220;&#8220; bg_type=&#8220;image&#8220; bg_image=&#8220;&#8220; color_overlay=&#8220;&#8220; enable_parallax=&#8220;&#8220; enable_pattern=&#8220;&#8220;][vc_row content_layout=&#8220;boxed&#8220; equal_height=&#8220;&#8220; animation_delay=&#8220;&#8220; disable=&#8220;&#8220; id=&#8220;&#8220; class=&#8220;vu_service-image&#8220; bg_type=&#8220;image&#8220; bg_image=&#8220;&#8220; color_overlay=&#8220;&#8220; enable_parallax=&#8220;&#8220; enable_pattern=&#8220;&#8220;][vc_column layout=&#8220;normal&#8220; vertical_align=&#8220;auto&#8220; animation_delay=&#8220;&#8220; width=&#8220;1\/2&#8243;][vc_column_text]Seit unserer Geburt 1998, unter den ersten, die an AM glauben (Additive Manufacturing), Wir verwenden die [&hellip;]\" \/>\n<meta property=\"og:url\" content=\"https:\/\/produform.it\/de\/aktivitat-2\/3d-druck\/\" \/>\n<meta property=\"og:site_name\" content=\"Produform\" \/>\n<meta property=\"article:publisher\" content=\"https:\/\/it-it.facebook.com\/Produform.Italia\" \/>\n<meta property=\"article:modified_time\" content=\"2018-10-28T22:02:30+00:00\" \/>\n<meta property=\"og:image\" content=\"https:\/\/produform.it\/wp-content\/uploads\/2018\/05\/home-mini-2.jpg\" \/>\n\t<meta property=\"og:image:width\" content=\"800\" \/>\n\t<meta property=\"og:image:height\" content=\"400\" \/>\n\t<meta property=\"og:image:type\" content=\"image\/jpeg\" \/>\n<meta name=\"twitter:card\" content=\"summary_large_image\" \/>\n<meta name=\"twitter:label1\" content=\"Gesch\u00e4tzte Lesezeit\" \/>\n\t<meta name=\"twitter:data1\" content=\"3\u00a0Minuten\" \/>\n<script type=\"application\/ld+json\" class=\"yoast-schema-graph\">{\"@context\":\"https:\\\/\\\/schema.org\",\"@graph\":[{\"@type\":\"WebPage\",\"@id\":\"https:\\\/\\\/produform.it\\\/de\\\/aktivitat-2\\\/3d-druck\\\/\",\"url\":\"https:\\\/\\\/produform.it\\\/de\\\/aktivitat-2\\\/3d-druck\\\/\",\"name\":\"3D-Druck | Produform\",\"isPartOf\":{\"@id\":\"https:\\\/\\\/produform.it\\\/de\\\/#website\"},\"primaryImageOfPage\":{\"@id\":\"https:\\\/\\\/produform.it\\\/de\\\/aktivitat-2\\\/3d-druck\\\/#primaryimage\"},\"image\":{\"@id\":\"https:\\\/\\\/produform.it\\\/de\\\/aktivitat-2\\\/3d-druck\\\/#primaryimage\"},\"thumbnailUrl\":\"https:\\\/\\\/produform.it\\\/wp-content\\\/uploads\\\/2018\\\/05\\\/home-mini-2.jpg\",\"datePublished\":\"2018-10-15T14:38:47+00:00\",\"dateModified\":\"2018-10-28T22:02:30+00:00\",\"breadcrumb\":{\"@id\":\"https:\\\/\\\/produform.it\\\/de\\\/aktivitat-2\\\/3d-druck\\\/#breadcrumb\"},\"inLanguage\":\"de\",\"potentialAction\":[{\"@type\":\"ReadAction\",\"target\":[\"https:\\\/\\\/produform.it\\\/de\\\/aktivitat-2\\\/3d-druck\\\/\"]}]},{\"@type\":\"ImageObject\",\"inLanguage\":\"de\",\"@id\":\"https:\\\/\\\/produform.it\\\/de\\\/aktivitat-2\\\/3d-druck\\\/#primaryimage\",\"url\":\"https:\\\/\\\/produform.it\\\/wp-content\\\/uploads\\\/2018\\\/05\\\/home-mini-2.jpg\",\"contentUrl\":\"https:\\\/\\\/produform.it\\\/wp-content\\\/uploads\\\/2018\\\/05\\\/home-mini-2.jpg\",\"width\":800,\"height\":400},{\"@type\":\"BreadcrumbList\",\"@id\":\"https:\\\/\\\/produform.it\\\/de\\\/aktivitat-2\\\/3d-druck\\\/#breadcrumb\",\"itemListElement\":[{\"@type\":\"ListItem\",\"position\":1,\"name\":\"Home\",\"item\":\"https:\\\/\\\/produform.it\\\/de\\\/\"},{\"@type\":\"ListItem\",\"position\":2,\"name\":\"Aktivit\u00e4t\",\"item\":\"https:\\\/\\\/produform.it\\\/de\\\/aktivitat-2\\\/\"},{\"@type\":\"ListItem\",\"position\":3,\"name\":\"3D-Druck\"}]},{\"@type\":\"WebSite\",\"@id\":\"https:\\\/\\\/produform.it\\\/de\\\/#website\",\"url\":\"https:\\\/\\\/produform.it\\\/de\\\/\",\"name\":\"Produform\",\"description\":\"Product development\",\"potentialAction\":[{\"@type\":\"SearchAction\",\"target\":{\"@type\":\"EntryPoint\",\"urlTemplate\":\"https:\\\/\\\/produform.it\\\/de\\\/?s={search_term_string}\"},\"query-input\":{\"@type\":\"PropertyValueSpecification\",\"valueRequired\":true,\"valueName\":\"search_term_string\"}}],\"inLanguage\":\"de\"}]}<\/script>\n<!-- \/ Yoast SEO plugin. -->","yoast_head_json":{"title":"3D-Druck | Produform","robots":{"index":"index","follow":"follow","max-snippet":"max-snippet:-1","max-image-preview":"max-image-preview:large","max-video-preview":"max-video-preview:-1"},"canonical":"https:\/\/produform.it\/de\/aktivitat-2\/3d-druck\/","og_locale":"de_DE","og_type":"article","og_title":"3D-Druck | Produform","og_description":"[vc_row content_layout=&#8220;boxed&#8220; equal_height=&#8220;&#8220; animation_delay=&#8220;&#8220; disable=&#8220;&#8220; id=&#8220;&#8220; class=&#8220;&#8220; bg_type=&#8220;image&#8220; bg_image=&#8220;&#8220; color_overlay=&#8220;&#8220; enable_parallax=&#8220;&#8220; enable_pattern=&#8220;&#8220;][vc_column layout=&#8220;normal&#8220; vertical_align=&#8220;auto&#8220; animation_delay=&#8220;&#8220;][vc_column_text][\/vc_column_text][\/vc_column][\/vc_row][vc_section content_layout=&#8220;full&#8220; animation_delay=&#8220;&#8220; disable=&#8220;&#8220; id=&#8220;&#8220; class=&#8220;&#8220; bg_type=&#8220;image&#8220; bg_image=&#8220;&#8220; color_overlay=&#8220;&#8220; enable_parallax=&#8220;&#8220; enable_pattern=&#8220;&#8220;][vc_row content_layout=&#8220;boxed&#8220; equal_height=&#8220;&#8220; animation_delay=&#8220;&#8220; disable=&#8220;&#8220; id=&#8220;&#8220; class=&#8220;vu_service-image&#8220; bg_type=&#8220;image&#8220; bg_image=&#8220;&#8220; color_overlay=&#8220;&#8220; enable_parallax=&#8220;&#8220; enable_pattern=&#8220;&#8220;][vc_column layout=&#8220;normal&#8220; vertical_align=&#8220;auto&#8220; animation_delay=&#8220;&#8220; width=&#8220;1\/2&#8243;][vc_column_text]Seit unserer Geburt 1998, unter den ersten, die an AM glauben (Additive Manufacturing), Wir verwenden die [&hellip;]","og_url":"https:\/\/produform.it\/de\/aktivitat-2\/3d-druck\/","og_site_name":"Produform","article_publisher":"https:\/\/it-it.facebook.com\/Produform.Italia","article_modified_time":"2018-10-28T22:02:30+00:00","og_image":[{"width":800,"height":400,"url":"https:\/\/produform.it\/wp-content\/uploads\/2018\/05\/home-mini-2.jpg","type":"image\/jpeg"}],"twitter_card":"summary_large_image","twitter_misc":{"Gesch\u00e4tzte Lesezeit":"3\u00a0Minuten"},"schema":{"@context":"https:\/\/schema.org","@graph":[{"@type":"WebPage","@id":"https:\/\/produform.it\/de\/aktivitat-2\/3d-druck\/","url":"https:\/\/produform.it\/de\/aktivitat-2\/3d-druck\/","name":"3D-Druck | Produform","isPartOf":{"@id":"https:\/\/produform.it\/de\/#website"},"primaryImageOfPage":{"@id":"https:\/\/produform.it\/de\/aktivitat-2\/3d-druck\/#primaryimage"},"image":{"@id":"https:\/\/produform.it\/de\/aktivitat-2\/3d-druck\/#primaryimage"},"thumbnailUrl":"https:\/\/produform.it\/wp-content\/uploads\/2018\/05\/home-mini-2.jpg","datePublished":"2018-10-15T14:38:47+00:00","dateModified":"2018-10-28T22:02:30+00:00","breadcrumb":{"@id":"https:\/\/produform.it\/de\/aktivitat-2\/3d-druck\/#breadcrumb"},"inLanguage":"de","potentialAction":[{"@type":"ReadAction","target":["https:\/\/produform.it\/de\/aktivitat-2\/3d-druck\/"]}]},{"@type":"ImageObject","inLanguage":"de","@id":"https:\/\/produform.it\/de\/aktivitat-2\/3d-druck\/#primaryimage","url":"https:\/\/produform.it\/wp-content\/uploads\/2018\/05\/home-mini-2.jpg","contentUrl":"https:\/\/produform.it\/wp-content\/uploads\/2018\/05\/home-mini-2.jpg","width":800,"height":400},{"@type":"BreadcrumbList","@id":"https:\/\/produform.it\/de\/aktivitat-2\/3d-druck\/#breadcrumb","itemListElement":[{"@type":"ListItem","position":1,"name":"Home","item":"https:\/\/produform.it\/de\/"},{"@type":"ListItem","position":2,"name":"Aktivit\u00e4t","item":"https:\/\/produform.it\/de\/aktivitat-2\/"},{"@type":"ListItem","position":3,"name":"3D-Druck"}]},{"@type":"WebSite","@id":"https:\/\/produform.it\/de\/#website","url":"https:\/\/produform.it\/de\/","name":"Produform","description":"Product development","potentialAction":[{"@type":"SearchAction","target":{"@type":"EntryPoint","urlTemplate":"https:\/\/produform.it\/de\/?s={search_term_string}"},"query-input":{"@type":"PropertyValueSpecification","valueRequired":true,"valueName":"search_term_string"}}],"inLanguage":"de"}]}},"_links":{"self":[{"href":"https:\/\/produform.it\/de\/wp-json\/wp\/v2\/pages\/1254","targetHints":{"allow":["GET"]}}],"collection":[{"href":"https:\/\/produform.it\/de\/wp-json\/wp\/v2\/pages"}],"about":[{"href":"https:\/\/produform.it\/de\/wp-json\/wp\/v2\/types\/page"}],"author":[{"embeddable":true,"href":"https:\/\/produform.it\/de\/wp-json\/wp\/v2\/users\/1"}],"replies":[{"embeddable":true,"href":"https:\/\/produform.it\/de\/wp-json\/wp\/v2\/comments?post=1254"}],"version-history":[{"count":3,"href":"https:\/\/produform.it\/de\/wp-json\/wp\/v2\/pages\/1254\/revisions"}],"predecessor-version":[{"id":1411,"href":"https:\/\/produform.it\/de\/wp-json\/wp\/v2\/pages\/1254\/revisions\/1411"}],"up":[{"embeddable":true,"href":"https:\/\/produform.it\/de\/wp-json\/wp\/v2\/pages\/1241"}],"wp:featuredmedia":[{"embeddable":true,"href":"https:\/\/produform.it\/de\/wp-json\/wp\/v2\/media\/1219"}],"wp:attachment":[{"href":"https:\/\/produform.it\/de\/wp-json\/wp\/v2\/media?parent=1254"}],"wp:term":[{"taxonomy":"category","embeddable":true,"href":"https:\/\/produform.it\/de\/wp-json\/wp\/v2\/categories?post=1254"},{"taxonomy":"post_tag","embeddable":true,"href":"https:\/\/produform.it\/de\/wp-json\/wp\/v2\/tags?post=1254"}],"curies":[{"name":"wp","href":"https:\/\/api.w.org\/{rel}","templated":true}]}}