{"id":1242,"date":"2018-10-15T16:37:26","date_gmt":"2018-10-15T14:37:26","guid":{"rendered":"http:\/\/www.produform.it\/aktivitat-2\/conformal-cooling-produktform-slm\/"},"modified":"2018-10-29T00:22:30","modified_gmt":"2018-10-28T22:22:30","slug":"conformal-cooling-produktform-slm","status":"publish","type":"page","link":"https:\/\/produform.it\/de\/aktivitat-2\/conformal-cooling-produktform-slm\/","title":{"rendered":"Conformal Cooling Produktform SLM"},"content":{"rendered":"<p>[vc_row content_layout=&#8220;boxed&#8220; equal_height=&#8220;&#8220; animation_delay=&#8220;&#8220; disable=&#8220;&#8220; id=&#8220;&#8220; class=&#8220;&#8220; bg_type=&#8220;image&#8220; bg_image=&#8220;&#8220; color_overlay=&#8220;&#8220; enable_parallax=&#8220;&#8220; enable_pattern=&#8220;&#8220;][vc_column layout=&#8220;normal&#8220; vertical_align=&#8220;auto&#8220; animation_delay=&#8220;&#8220;][vc_column_text][\/vc_column_text][\/vc_column][\/vc_row][vc_section content_layout=&#8220;full&#8220; animation_delay=&#8220;&#8220; disable=&#8220;&#8220; id=&#8220;&#8220; class=&#8220;&#8220; bg_type=&#8220;image&#8220; bg_image=&#8220;&#8220; color_overlay=&#8220;&#8220; enable_parallax=&#8220;&#8220; enable_pattern=&#8220;&#8220;][vc_row content_layout=&#8220;boxed&#8220; equal_height=&#8220;&#8220; animation_delay=&#8220;&#8220; disable=&#8220;&#8220; id=&#8220;&#8220; class=&#8220;vu_service-image&#8220; bg_type=&#8220;image&#8220; bg_image=&#8220;&#8220; color_overlay=&#8220;&#8220; enable_parallax=&#8220;&#8220; enable_pattern=&#8220;&#8220;][vc_column layout=&#8220;normal&#8220; vertical_align=&#8220;auto&#8220; animation_delay=&#8220;&#8220; width=&#8220;1\/2&#8243;][vc_column_text]Um unser Angebot an fortschrittlichen Dienstleistungen f\u00fcr Formenbauer zu bereichern, stellen wir uns an die Spitze der Technologie, indem wir den Service zur Herstellung von Formen f\u00fcr SLM-Formen (Select Laser Melting) mit Produformal, Kan\u00e4len anbieten, Diese kleine Revolution erm\u00f6glicht es uns, Teile von Formen mit hoher Kritikalit\u00e4t und Schwierigkeit der K\u00fchlung zu entwerfen und herzustellen, die K\u00fchlung \/ Konditionierung in den schwierigsten Teilen der Produktionsformen durchzuf\u00fchren.<\/p>\n<p>Wir entwerfen die Kan\u00e4le intern, simulieren und testen jede Phase, um die Vorteile unserer Druckerkunden zu nutzen.<\/p>\n<p>Wir sind in der Lage, Rohbl\u00f6cke zu liefern, die in den Werkst\u00e4tten unserer Kunden zu fertigen sind, oder fertige Fertigteile in allen Teilen in unserer Werkstatt zu liefern, um sie zu messen, die bereit sind, in die Formen eingebaut zu werden.<\/p>\n<p>Wir verwenden die Hybrid-Technik, um Bl\u00f6cke in der Werkstatt zu erstellen und die Produformal Konstruktion oder monolithische Produktbl\u00f6cke zu vervollst\u00e4ndigen.<br \/>\nDas verwendete Material ist Maraging-Stahl 1.2709, w\u00e4hrend die maximale Gr\u00f6\u00dfe der Bl\u00f6cke mm.250x250x300 erreichen kann.<\/p>\n<p>Wir bieten standardm\u00e4\u00dfig w\u00e4rmebehandelte Stopfen.[\/vc_column_text][\/vc_column][vc_column layout=&#8220;normal&#8220; vertical_align=&#8220;auto&#8220; animation_delay=&#8220;&#8220; width=&#8220;1\/2&#8243;]\t\t<div class=\"vu_image-slider vu_is-navigation-hover vu_is-pagination-always vu_is-without-captions vu_carousel vu_lightbox vu_l-gallery\" data-options=\"{&quot;singleItem&quot;:true,&quot;autoHeight&quot;:true,&quot;items&quot;:1,&quot;autoPlay&quot;:3000,&quot;stopOnHover&quot;:true,&quot;navigation&quot;:true,&quot;navigationText&quot;:[&quot;&lt;i class=\\&quot;vu_fp-keyboard_arrow_left\\&quot;&gt;&lt;\\\/i&gt;&quot;,&quot;&lt;i class=\\&quot;vu_fp-keyboard_arrow_right\\&quot;&gt;&lt;\\\/i&gt;&quot;],&quot;rewindNav&quot;:true,&quot;scrollPerPage&quot;:true,&quot;pagination&quot;:true,&quot;paginationNumbers&quot;:false}\" data-delegate=\"a.vu_is-lightbox\" data-ratio=\"4:3\">\r\n\t\t\t<div class=\"vu_is-item\"><a href=\"https:\/\/produform.it\/wp-content\/uploads\/2018\/05\/RAFFREDDAMENTO-CONFORMALE-2.jpg\"  class=\"vu_is-lightbox\"><figure class=\"vu_is-i-figure vu_lazy-load\" data-img=\"https:\/\/produform.it\/wp-content\/uploads\/2018\/05\/RAFFREDDAMENTO-CONFORMALE-2.jpg\"><img loading=\"lazy\" decoding=\"async\" width=\"156\" height=\"281\" src=\"https:\/\/produform.it\/wp-content\/uploads\/2018\/05\/RAFFREDDAMENTO-CONFORMALE-2.jpg\" class=\"attachment-housico_ratio-4:3 size-housico_ratio-4:3\" alt=\"\" \/><\/figure><\/a><\/div><div class=\"vu_is-item\"><a href=\"https:\/\/produform.it\/wp-content\/uploads\/2018\/05\/RAFFREDDAMENTO-CONFORMALE-5.jpg\"  class=\"vu_is-lightbox\"><figure class=\"vu_is-i-figure vu_lazy-load\" data-img=\"https:\/\/produform.it\/wp-content\/uploads\/2018\/05\/RAFFREDDAMENTO-CONFORMALE-5.jpg\"><img loading=\"lazy\" decoding=\"async\" width=\"800\" height=\"600\" src=\"https:\/\/produform.it\/wp-content\/uploads\/2018\/05\/RAFFREDDAMENTO-CONFORMALE-5-800x600.jpg\" class=\"attachment-housico_ratio-4:3 size-housico_ratio-4:3\" alt=\"\" \/><\/figure><\/a><\/div><div class=\"vu_is-item\"><a href=\"https:\/\/produform.it\/wp-content\/uploads\/2018\/05\/RAFFREDDAMENTO-CONFORMALE.jpg\"  class=\"vu_is-lightbox\"><figure class=\"vu_is-i-figure vu_lazy-load\" data-img=\"https:\/\/produform.it\/wp-content\/uploads\/2018\/05\/RAFFREDDAMENTO-CONFORMALE.jpg\"><img loading=\"lazy\" decoding=\"async\" width=\"322\" height=\"197\" src=\"https:\/\/produform.it\/wp-content\/uploads\/2018\/05\/RAFFREDDAMENTO-CONFORMALE.jpg\" class=\"attachment-housico_ratio-4:3 size-housico_ratio-4:3\" alt=\"\" srcset=\"https:\/\/produform.it\/wp-content\/uploads\/2018\/05\/RAFFREDDAMENTO-CONFORMALE.jpg 322w, https:\/\/produform.it\/wp-content\/uploads\/2018\/05\/RAFFREDDAMENTO-CONFORMALE-300x184.jpg 300w\" sizes=\"auto, (max-width: 322px) 100vw, 322px\" \/><\/figure><\/a><\/div><div class=\"vu_is-item\"><a href=\"https:\/\/produform.it\/wp-content\/uploads\/2018\/05\/RAFFREDDAMENTO-CONFORMALE3.jpg\"  class=\"vu_is-lightbox\"><figure class=\"vu_is-i-figure vu_lazy-load\" data-img=\"https:\/\/produform.it\/wp-content\/uploads\/2018\/05\/RAFFREDDAMENTO-CONFORMALE3.jpg\"><img loading=\"lazy\" decoding=\"async\" width=\"373\" height=\"553\" src=\"https:\/\/produform.it\/wp-content\/uploads\/2018\/05\/RAFFREDDAMENTO-CONFORMALE3.jpg\" class=\"attachment-housico_ratio-4:3 size-housico_ratio-4:3\" alt=\"\" srcset=\"https:\/\/produform.it\/wp-content\/uploads\/2018\/05\/RAFFREDDAMENTO-CONFORMALE3.jpg 373w, https:\/\/produform.it\/wp-content\/uploads\/2018\/05\/RAFFREDDAMENTO-CONFORMALE3-202x300.jpg 202w\" sizes=\"auto, (max-width: 373px) 100vw, 373px\" \/><\/figure><\/a><\/div><div class=\"vu_is-item\"><a href=\"https:\/\/produform.it\/wp-content\/uploads\/2018\/05\/RAFFREDDAMENTO-CONFORMALE4.jpg\"  class=\"vu_is-lightbox\"><figure class=\"vu_is-i-figure vu_lazy-load\" data-img=\"https:\/\/produform.it\/wp-content\/uploads\/2018\/05\/RAFFREDDAMENTO-CONFORMALE4.jpg\"><img loading=\"lazy\" decoding=\"async\" width=\"694\" height=\"600\" src=\"https:\/\/produform.it\/wp-content\/uploads\/2018\/05\/RAFFREDDAMENTO-CONFORMALE4-694x600.jpg\" class=\"attachment-housico_ratio-4:3 size-housico_ratio-4:3\" alt=\"\" \/><\/figure><\/a><\/div><div class=\"vu_is-item\"><a href=\"https:\/\/produform.it\/wp-content\/uploads\/2018\/05\/RAFFREDDAMENTO-TRADIZIONALE.jpg\"  class=\"vu_is-lightbox\"><figure class=\"vu_is-i-figure vu_lazy-load\" data-img=\"https:\/\/produform.it\/wp-content\/uploads\/2018\/05\/RAFFREDDAMENTO-TRADIZIONALE.jpg\"><img loading=\"lazy\" decoding=\"async\" width=\"322\" height=\"204\" src=\"https:\/\/produform.it\/wp-content\/uploads\/2018\/05\/RAFFREDDAMENTO-TRADIZIONALE.jpg\" class=\"attachment-housico_ratio-4:3 size-housico_ratio-4:3\" alt=\"\" srcset=\"https:\/\/produform.it\/wp-content\/uploads\/2018\/05\/RAFFREDDAMENTO-TRADIZIONALE.jpg 322w, https:\/\/produform.it\/wp-content\/uploads\/2018\/05\/RAFFREDDAMENTO-TRADIZIONALE-300x190.jpg 300w\" sizes=\"auto, (max-width: 322px) 100vw, 322px\" \/><\/figure><\/a><\/div>\t\t<\/div>\r\n\t[\/vc_column][\/vc_row][\/vc_section][vc_section content_layout=&#8220;full&#8220; animation_delay=&#8220;&#8220; disable=&#8220;&#8220; id=&#8220;&#8220; class=&#8220;hidden&#8220; bg_type=&#8220;image&#8220; bg_image=&#8220;&#8220; color_overlay=&#8220;&#8220; enable_parallax=&#8220;&#8220; enable_pattern=&#8220;&#8220;][vc_row content_layout=&#8220;boxed&#8220; equal_height=&#8220;&#8220; animation_delay=&#8220;&#8220; disable=&#8220;&#8220; id=&#8220;&#8220; class=&#8220;&#8220; bg_type=&#8220;image&#8220; bg_image=&#8220;&#8220; color_overlay=&#8220;&#8220; enable_parallax=&#8220;&#8220; enable_pattern=&#8220;&#8220;][vc_column layout=&#8220;normal&#8220; vertical_align=&#8220;auto&#8220; animation_delay=&#8220;&#8220; width=&#8220;1\/2&#8243;][vc_column_text css=&#8220;.vc_custom_1523015591185{padding-top: 30px !important;padding-right: 30px !important;padding-bottom: 30px !important;padding-left: 30px !important;background-color: #f3f3f3 !important;}&#8220;]<\/p>\n<ul class=\"vu_list-with-icon\" data-font=\"FontAwesome\" data-icon=\"\uf00c\" data-color=\"primary\">\n<li>30-50% savings in energy costs every day, year after year<\/li>\n<li>Better interior air quality due to the elimination of materials containing volatile solvents<\/li>\n<li>Reduced healthcare costs, absenteeism, and higher productivity of employees due to better air quality and ventilation<\/li>\n<\/ul>\n<p>[\/vc_column_text][\/vc_column][vc_column layout=&#8220;normal&#8220; vertical_align=&#8220;auto&#8220; animation_delay=&#8220;&#8220; width=&#8220;1\/2&#8243;][vc_column_text css=&#8220;.vc_custom_1523015655169{padding-top: 30px !important;padding-right: 30px !important;padding-bottom: 30px !important;padding-left: 30px !important;background-color: #f3f3f3 !important;}&#8220;]<\/p>\n<ul class=\"vu_list-with-icon\" data-font=\"FontAwesome\" data-icon=\"\uf00c\" data-color=\"primary\">\n<li>Maximum use of natural daylight with reduced number and size of lighting fixtures needed<\/li>\n<li>Ease of renting and selling, and when sold, command a premium over conventional construction<\/li>\n<li>Encouragement of further sustainable development within the community<\/li>\n<\/ul>\n<p>[\/vc_column_text][\/vc_column][\/vc_row][\/vc_section][vc_section content_layout=&#8220;full&#8220; animation_delay=&#8220;&#8220; disable=&#8220;&#8220; id=&#8220;&#8220; class=&#8220;p-t-0 p-b-0&#8243; bg_type=&#8220;image&#8220; bg_image=&#8220;147&#8243; color_overlay=&#8220;&#8220; enable_parallax=&#8220;&#8220; enable_pattern=&#8220;&#8220; css=&#8220;.vc_custom_1518612464301{margin-bottom: 70px !important;}&#8220;][vc_row content_layout=&#8220;boxed&#8220; equal_height=&#8220;&#8220; animation_delay=&#8220;&#8220; disable=&#8220;&#8220; id=&#8220;&#8220; class=&#8220;&#8220; bg_type=&#8220;image&#8220; bg_image=&#8220;&#8220; color_overlay=&#8220;&#8220; enable_parallax=&#8220;&#8220; enable_pattern=&#8220;&#8220;][vc_column layout=&#8220;normal&#8220; vertical_align=&#8220;top&#8220; animation_delay=&#8220;&#8220;]\t\t<div class=\"vu_call-to-action\" style=\"background-color:#303745;\">\r\n\t\t\t<div class=\"container\">\r\n\t\t\t\t<div class=\"row\">\r\n\t\t\t\t\t<div class=\"vu_cta-wrapper\">\r\n\t\t\t\t\t\t<div class=\"vu_cta-content col-md-9\">\r\n\t\t\t\t\t\t\t<h3 class=\"m-t-0 m-b-0\" style=\"font-size: 20px; line-height: 28px;\"><span style=\"color: #ffffff;\">Necessiti di pi\u00f9 informazioni o di un preventivo?<\/span><\/h3>\n\t\t\t\t\t\t<\/div>\r\n\t\t\t\t\t\t\t\t\t\t\t\t\t<div class=\"vu_cta-button col-md-3\">\r\n\t\t\t\t\t\t\t\t\t\t\t\t\t\t\t\t<a href=\"http:\/\/www.produform.it\/contatti\/\" title=\"\" target=\"_self\" class=\"vu_button vu_b-size-normal vu_b-shape-square vu_b-normal-color-primary vu_b-hover-color-white\"><span>Contattaci<\/span><\/a>\r\n\t\t\t\t\t\t\t<\/div>\r\n\t\t\t\t\t\t\t\t\t\t\t<\/div>\r\n\t\t\t\t<\/div>\r\n\t\t\t<\/div>\r\n\t\t<\/div>\r\n\t[\/vc_column][\/vc_row][\/vc_section]<\/p>\n","protected":false},"excerpt":{"rendered":"<p>[vc_row content_layout=&#8220;boxed&#8220; equal_height=&#8220;&#8220; animation_delay=&#8220;&#8220; disable=&#8220;&#8220; id=&#8220;&#8220; class=&#8220;&#8220; bg_type=&#8220;image&#8220; bg_image=&#8220;&#8220; color_overlay=&#8220;&#8220; enable_parallax=&#8220;&#8220; enable_pattern=&#8220;&#8220;][vc_column layout=&#8220;normal&#8220; vertical_align=&#8220;auto&#8220; animation_delay=&#8220;&#8220;][vc_column_text][\/vc_column_text][\/vc_column][\/vc_row][vc_section content_layout=&#8220;full&#8220; animation_delay=&#8220;&#8220; disable=&#8220;&#8220; id=&#8220;&#8220; class=&#8220;&#8220; bg_type=&#8220;image&#8220; bg_image=&#8220;&#8220; color_overlay=&#8220;&#8220; enable_parallax=&#8220;&#8220; enable_pattern=&#8220;&#8220;][vc_row content_layout=&#8220;boxed&#8220; equal_height=&#8220;&#8220; animation_delay=&#8220;&#8220; disable=&#8220;&#8220; id=&#8220;&#8220; class=&#8220;vu_service-image&#8220; bg_type=&#8220;image&#8220; bg_image=&#8220;&#8220; color_overlay=&#8220;&#8220; enable_parallax=&#8220;&#8220; enable_pattern=&#8220;&#8220;][vc_column layout=&#8220;normal&#8220; vertical_align=&#8220;auto&#8220; animation_delay=&#8220;&#8220; width=&#8220;1\/2&#8243;][vc_column_text]Um unser Angebot an fortschrittlichen Dienstleistungen f\u00fcr Formenbauer zu bereichern, stellen wir uns an die Spitze [&hellip;]<\/p>\n","protected":false},"author":1,"featured_media":1132,"parent":1241,"menu_order":0,"comment_status":"closed","ping_status":"closed","template":"","meta":{"footnotes":""},"categories":[35],"tags":[],"class_list":["post-1242","page","type-page","status-publish","has-post-thumbnail","hentry","category-servizi-de"],"yoast_head":"<!-- This site is optimized with the Yoast SEO plugin v27.4 - https:\/\/yoast.com\/product\/yoast-seo-wordpress\/ -->\n<title>Conformal Cooling Produktform SLM | Produform<\/title>\n<meta name=\"robots\" content=\"index, follow, max-snippet:-1, max-image-preview:large, max-video-preview:-1\" \/>\n<link rel=\"canonical\" href=\"https:\/\/produform.it\/de\/aktivitat-2\/conformal-cooling-produktform-slm\/\" \/>\n<meta property=\"og:locale\" content=\"de_DE\" \/>\n<meta property=\"og:type\" content=\"article\" \/>\n<meta property=\"og:title\" content=\"Conformal Cooling Produktform SLM | Produform\" \/>\n<meta property=\"og:description\" content=\"[vc_row content_layout=&#8220;boxed&#8220; equal_height=&#8220;&#8220; animation_delay=&#8220;&#8220; disable=&#8220;&#8220; id=&#8220;&#8220; class=&#8220;&#8220; bg_type=&#8220;image&#8220; bg_image=&#8220;&#8220; color_overlay=&#8220;&#8220; enable_parallax=&#8220;&#8220; enable_pattern=&#8220;&#8220;][vc_column layout=&#8220;normal&#8220; vertical_align=&#8220;auto&#8220; animation_delay=&#8220;&#8220;][vc_column_text][\/vc_column_text][\/vc_column][\/vc_row][vc_section content_layout=&#8220;full&#8220; animation_delay=&#8220;&#8220; disable=&#8220;&#8220; id=&#8220;&#8220; class=&#8220;&#8220; bg_type=&#8220;image&#8220; bg_image=&#8220;&#8220; color_overlay=&#8220;&#8220; enable_parallax=&#8220;&#8220; enable_pattern=&#8220;&#8220;][vc_row content_layout=&#8220;boxed&#8220; equal_height=&#8220;&#8220; animation_delay=&#8220;&#8220; disable=&#8220;&#8220; id=&#8220;&#8220; class=&#8220;vu_service-image&#8220; bg_type=&#8220;image&#8220; bg_image=&#8220;&#8220; color_overlay=&#8220;&#8220; enable_parallax=&#8220;&#8220; enable_pattern=&#8220;&#8220;][vc_column layout=&#8220;normal&#8220; vertical_align=&#8220;auto&#8220; animation_delay=&#8220;&#8220; width=&#8220;1\/2&#8243;][vc_column_text]Um unser Angebot an fortschrittlichen Dienstleistungen f\u00fcr Formenbauer zu bereichern, stellen wir uns an die Spitze [&hellip;]\" \/>\n<meta property=\"og:url\" content=\"https:\/\/produform.it\/de\/aktivitat-2\/conformal-cooling-produktform-slm\/\" \/>\n<meta property=\"og:site_name\" content=\"Produform\" \/>\n<meta property=\"article:publisher\" content=\"https:\/\/it-it.facebook.com\/Produform.Italia\" \/>\n<meta property=\"article:modified_time\" content=\"2018-10-28T22:22:30+00:00\" \/>\n<meta property=\"og:image\" content=\"https:\/\/produform.it\/wp-content\/uploads\/2018\/05\/RAFFREDDAMENTO-TRADIZIONALE.jpg\" \/>\n\t<meta property=\"og:image:width\" content=\"322\" \/>\n\t<meta property=\"og:image:height\" content=\"204\" \/>\n\t<meta property=\"og:image:type\" content=\"image\/jpeg\" \/>\n<meta name=\"twitter:card\" content=\"summary_large_image\" \/>\n<meta name=\"twitter:label1\" content=\"Gesch\u00e4tzte Lesezeit\" \/>\n\t<meta name=\"twitter:data1\" content=\"4\u00a0Minuten\" \/>\n<script type=\"application\/ld+json\" class=\"yoast-schema-graph\">{\"@context\":\"https:\\\/\\\/schema.org\",\"@graph\":[{\"@type\":\"WebPage\",\"@id\":\"https:\\\/\\\/produform.it\\\/de\\\/aktivitat-2\\\/conformal-cooling-produktform-slm\\\/\",\"url\":\"https:\\\/\\\/produform.it\\\/de\\\/aktivitat-2\\\/conformal-cooling-produktform-slm\\\/\",\"name\":\"Conformal Cooling Produktform SLM | Produform\",\"isPartOf\":{\"@id\":\"https:\\\/\\\/produform.it\\\/de\\\/#website\"},\"primaryImageOfPage\":{\"@id\":\"https:\\\/\\\/produform.it\\\/de\\\/aktivitat-2\\\/conformal-cooling-produktform-slm\\\/#primaryimage\"},\"image\":{\"@id\":\"https:\\\/\\\/produform.it\\\/de\\\/aktivitat-2\\\/conformal-cooling-produktform-slm\\\/#primaryimage\"},\"thumbnailUrl\":\"https:\\\/\\\/produform.it\\\/wp-content\\\/uploads\\\/2018\\\/05\\\/RAFFREDDAMENTO-TRADIZIONALE.jpg\",\"datePublished\":\"2018-10-15T14:37:26+00:00\",\"dateModified\":\"2018-10-28T22:22:30+00:00\",\"breadcrumb\":{\"@id\":\"https:\\\/\\\/produform.it\\\/de\\\/aktivitat-2\\\/conformal-cooling-produktform-slm\\\/#breadcrumb\"},\"inLanguage\":\"de\",\"potentialAction\":[{\"@type\":\"ReadAction\",\"target\":[\"https:\\\/\\\/produform.it\\\/de\\\/aktivitat-2\\\/conformal-cooling-produktform-slm\\\/\"]}]},{\"@type\":\"ImageObject\",\"inLanguage\":\"de\",\"@id\":\"https:\\\/\\\/produform.it\\\/de\\\/aktivitat-2\\\/conformal-cooling-produktform-slm\\\/#primaryimage\",\"url\":\"https:\\\/\\\/produform.it\\\/wp-content\\\/uploads\\\/2018\\\/05\\\/RAFFREDDAMENTO-TRADIZIONALE.jpg\",\"contentUrl\":\"https:\\\/\\\/produform.it\\\/wp-content\\\/uploads\\\/2018\\\/05\\\/RAFFREDDAMENTO-TRADIZIONALE.jpg\",\"width\":322,\"height\":204},{\"@type\":\"BreadcrumbList\",\"@id\":\"https:\\\/\\\/produform.it\\\/de\\\/aktivitat-2\\\/conformal-cooling-produktform-slm\\\/#breadcrumb\",\"itemListElement\":[{\"@type\":\"ListItem\",\"position\":1,\"name\":\"Home\",\"item\":\"https:\\\/\\\/produform.it\\\/de\\\/\"},{\"@type\":\"ListItem\",\"position\":2,\"name\":\"Aktivit\u00e4t\",\"item\":\"https:\\\/\\\/produform.it\\\/de\\\/aktivitat-2\\\/\"},{\"@type\":\"ListItem\",\"position\":3,\"name\":\"Conformal Cooling Produktform SLM\"}]},{\"@type\":\"WebSite\",\"@id\":\"https:\\\/\\\/produform.it\\\/de\\\/#website\",\"url\":\"https:\\\/\\\/produform.it\\\/de\\\/\",\"name\":\"Produform\",\"description\":\"Product development\",\"potentialAction\":[{\"@type\":\"SearchAction\",\"target\":{\"@type\":\"EntryPoint\",\"urlTemplate\":\"https:\\\/\\\/produform.it\\\/de\\\/?s={search_term_string}\"},\"query-input\":{\"@type\":\"PropertyValueSpecification\",\"valueRequired\":true,\"valueName\":\"search_term_string\"}}],\"inLanguage\":\"de\"}]}<\/script>\n<!-- \/ Yoast SEO plugin. -->","yoast_head_json":{"title":"Conformal Cooling Produktform SLM | Produform","robots":{"index":"index","follow":"follow","max-snippet":"max-snippet:-1","max-image-preview":"max-image-preview:large","max-video-preview":"max-video-preview:-1"},"canonical":"https:\/\/produform.it\/de\/aktivitat-2\/conformal-cooling-produktform-slm\/","og_locale":"de_DE","og_type":"article","og_title":"Conformal Cooling Produktform SLM | Produform","og_description":"[vc_row content_layout=&#8220;boxed&#8220; equal_height=&#8220;&#8220; animation_delay=&#8220;&#8220; disable=&#8220;&#8220; id=&#8220;&#8220; class=&#8220;&#8220; bg_type=&#8220;image&#8220; bg_image=&#8220;&#8220; color_overlay=&#8220;&#8220; enable_parallax=&#8220;&#8220; enable_pattern=&#8220;&#8220;][vc_column layout=&#8220;normal&#8220; vertical_align=&#8220;auto&#8220; animation_delay=&#8220;&#8220;][vc_column_text][\/vc_column_text][\/vc_column][\/vc_row][vc_section content_layout=&#8220;full&#8220; animation_delay=&#8220;&#8220; disable=&#8220;&#8220; id=&#8220;&#8220; class=&#8220;&#8220; bg_type=&#8220;image&#8220; bg_image=&#8220;&#8220; color_overlay=&#8220;&#8220; enable_parallax=&#8220;&#8220; enable_pattern=&#8220;&#8220;][vc_row content_layout=&#8220;boxed&#8220; equal_height=&#8220;&#8220; animation_delay=&#8220;&#8220; disable=&#8220;&#8220; id=&#8220;&#8220; class=&#8220;vu_service-image&#8220; bg_type=&#8220;image&#8220; bg_image=&#8220;&#8220; color_overlay=&#8220;&#8220; enable_parallax=&#8220;&#8220; enable_pattern=&#8220;&#8220;][vc_column layout=&#8220;normal&#8220; vertical_align=&#8220;auto&#8220; animation_delay=&#8220;&#8220; width=&#8220;1\/2&#8243;][vc_column_text]Um unser Angebot an fortschrittlichen Dienstleistungen f\u00fcr Formenbauer zu bereichern, stellen wir uns an die Spitze [&hellip;]","og_url":"https:\/\/produform.it\/de\/aktivitat-2\/conformal-cooling-produktform-slm\/","og_site_name":"Produform","article_publisher":"https:\/\/it-it.facebook.com\/Produform.Italia","article_modified_time":"2018-10-28T22:22:30+00:00","og_image":[{"width":322,"height":204,"url":"https:\/\/produform.it\/wp-content\/uploads\/2018\/05\/RAFFREDDAMENTO-TRADIZIONALE.jpg","type":"image\/jpeg"}],"twitter_card":"summary_large_image","twitter_misc":{"Gesch\u00e4tzte Lesezeit":"4\u00a0Minuten"},"schema":{"@context":"https:\/\/schema.org","@graph":[{"@type":"WebPage","@id":"https:\/\/produform.it\/de\/aktivitat-2\/conformal-cooling-produktform-slm\/","url":"https:\/\/produform.it\/de\/aktivitat-2\/conformal-cooling-produktform-slm\/","name":"Conformal Cooling Produktform SLM | Produform","isPartOf":{"@id":"https:\/\/produform.it\/de\/#website"},"primaryImageOfPage":{"@id":"https:\/\/produform.it\/de\/aktivitat-2\/conformal-cooling-produktform-slm\/#primaryimage"},"image":{"@id":"https:\/\/produform.it\/de\/aktivitat-2\/conformal-cooling-produktform-slm\/#primaryimage"},"thumbnailUrl":"https:\/\/produform.it\/wp-content\/uploads\/2018\/05\/RAFFREDDAMENTO-TRADIZIONALE.jpg","datePublished":"2018-10-15T14:37:26+00:00","dateModified":"2018-10-28T22:22:30+00:00","breadcrumb":{"@id":"https:\/\/produform.it\/de\/aktivitat-2\/conformal-cooling-produktform-slm\/#breadcrumb"},"inLanguage":"de","potentialAction":[{"@type":"ReadAction","target":["https:\/\/produform.it\/de\/aktivitat-2\/conformal-cooling-produktform-slm\/"]}]},{"@type":"ImageObject","inLanguage":"de","@id":"https:\/\/produform.it\/de\/aktivitat-2\/conformal-cooling-produktform-slm\/#primaryimage","url":"https:\/\/produform.it\/wp-content\/uploads\/2018\/05\/RAFFREDDAMENTO-TRADIZIONALE.jpg","contentUrl":"https:\/\/produform.it\/wp-content\/uploads\/2018\/05\/RAFFREDDAMENTO-TRADIZIONALE.jpg","width":322,"height":204},{"@type":"BreadcrumbList","@id":"https:\/\/produform.it\/de\/aktivitat-2\/conformal-cooling-produktform-slm\/#breadcrumb","itemListElement":[{"@type":"ListItem","position":1,"name":"Home","item":"https:\/\/produform.it\/de\/"},{"@type":"ListItem","position":2,"name":"Aktivit\u00e4t","item":"https:\/\/produform.it\/de\/aktivitat-2\/"},{"@type":"ListItem","position":3,"name":"Conformal Cooling Produktform SLM"}]},{"@type":"WebSite","@id":"https:\/\/produform.it\/de\/#website","url":"https:\/\/produform.it\/de\/","name":"Produform","description":"Product development","potentialAction":[{"@type":"SearchAction","target":{"@type":"EntryPoint","urlTemplate":"https:\/\/produform.it\/de\/?s={search_term_string}"},"query-input":{"@type":"PropertyValueSpecification","valueRequired":true,"valueName":"search_term_string"}}],"inLanguage":"de"}]}},"_links":{"self":[{"href":"https:\/\/produform.it\/de\/wp-json\/wp\/v2\/pages\/1242","targetHints":{"allow":["GET"]}}],"collection":[{"href":"https:\/\/produform.it\/de\/wp-json\/wp\/v2\/pages"}],"about":[{"href":"https:\/\/produform.it\/de\/wp-json\/wp\/v2\/types\/page"}],"author":[{"embeddable":true,"href":"https:\/\/produform.it\/de\/wp-json\/wp\/v2\/users\/1"}],"replies":[{"embeddable":true,"href":"https:\/\/produform.it\/de\/wp-json\/wp\/v2\/comments?post=1242"}],"version-history":[{"count":6,"href":"https:\/\/produform.it\/de\/wp-json\/wp\/v2\/pages\/1242\/revisions"}],"predecessor-version":[{"id":1416,"href":"https:\/\/produform.it\/de\/wp-json\/wp\/v2\/pages\/1242\/revisions\/1416"}],"up":[{"embeddable":true,"href":"https:\/\/produform.it\/de\/wp-json\/wp\/v2\/pages\/1241"}],"wp:featuredmedia":[{"embeddable":true,"href":"https:\/\/produform.it\/de\/wp-json\/wp\/v2\/media\/1132"}],"wp:attachment":[{"href":"https:\/\/produform.it\/de\/wp-json\/wp\/v2\/media?parent=1242"}],"wp:term":[{"taxonomy":"category","embeddable":true,"href":"https:\/\/produform.it\/de\/wp-json\/wp\/v2\/categories?post=1242"},{"taxonomy":"post_tag","embeddable":true,"href":"https:\/\/produform.it\/de\/wp-json\/wp\/v2\/tags?post=1242"}],"curies":[{"name":"wp","href":"https:\/\/api.w.org\/{rel}","templated":true}]}}